{"id":7,"date":"2018-06-12T11:27:13","date_gmt":"2018-06-12T09:27:13","guid":{"rendered":"https:\/\/www.mylittlemountain.com\/?page_id=7"},"modified":"2025-02-13T08:20:45","modified_gmt":"2025-02-13T07:20:45","slug":"store-locator","status":"publish","type":"page","link":"https:\/\/www.mylittlemountain.com\/en\/store-locator\/","title":{"rendered":"Store locator"},"content":{"rendered":"<p>You can find our products at the listed partners and dealers. It may be that at the outlets not the entire range is available.<\/p>\n\n\n<p>Feine Dinge Z\u00fcrich Niederdorf, Marktgasse 8, 8001 Z\u00fcrich<\/p>\n\n\n\n<p>Feine Dinge Luzern City, Sternenplatz 7, 6004 Luzern<\/p>\n\n\n\n<p>Feine Dinge Basel Barf\u00fcsserplatz, Streitgasse 5, 4051 Basel<\/p>\n\n\n\n<p>Feine Dinge Andermatt, Furkagasse 3, 6490 Andermatt<\/p>\n\n\n\n<p>Edelweiss Shop, Bahnhofstrasse 10, 3800 Interlaken<\/p>\n\n\n\n<p>Bern Souvenir, Kramgasse 69, 3011 Bern<\/p>\n\n\n\n<p>Wunderbox GmbH, Fischmarkt 10, 6300 Zug<\/p>\n\n\n\n<p>Matterhorn Museum &#8211; Zermatlantis, Kirchplatz 11, 3920 Zermatt<\/p>\n\n\n\n<p>Heimatwerk Interlaken, H\u00f6heweg 115, 3800 Interlaken<\/p>\n\n\n\n<p>Swiss Made Shop, Dorfstrasse 46, 3823 Wengen<\/p>\n\n\n\n<p>Albert Schild AG, Bahnhofstrasse 19, 3800 Interlaken<\/p>\n\n\n\n<p>Grand Bazar H. Brunner AG, Dorfstrasse 115, 3818 Grindelwald<\/p>\n\n\n\n<p>Gletschergarten Luzern, Denkmalstrasse 4a, 6006 Luzern<\/p>\n\n\n\n<p>The Swiss Artisans, Bahnhofstrasse 72, 3920 Zermatt<\/p>\n\n\n\n<p>Promolution GmbH, Ettingerstrasse 1, 4147 Aesch<\/p>\n\n\n\n<p>Kulmhotel Gornergrat, Swiss Watch Shop, 3920 Zermatt<\/p>\n\n\n\n<p>Seven Elements GmbH, K\u00e4hlenweg 17, 4243 Dittingen<\/p>\n","protected":false},"excerpt":{"rendered":"<p>You can find our products at the listed partners and dealers. It may be that at the outlets not the entire range is available. Feine Dinge Z\u00fcrich Niederdorf, Marktgasse 8, 8001 Z\u00fcrich Feine Dinge Luzern City, Sternenplatz 7, 6004 Luzern Feine Dinge Basel Barf\u00fcsserplatz, Streitgasse 5, 4051 Basel Feine Dinge Andermatt, Furkagasse 3, 6490 Andermatt&#8230;<\/p>\n<p><a class=\"button-black button alt\" href=\"https:\/\/www.mylittlemountain.com\/en\/store-locator\/\">Open article<span class=\"fa fa-plus\"><\/span><\/a><\/p>\n","protected":false},"author":1,"featured_media":0,"parent":0,"menu_order":0,"comment_status":"closed","ping_status":"closed","template":"","meta":{"footnotes":""},"acf":[],"_links":{"self":[{"href":"https:\/\/www.mylittlemountain.com\/en\/wp-json\/wp\/v2\/pages\/7"}],"collection":[{"href":"https:\/\/www.mylittlemountain.com\/en\/wp-json\/wp\/v2\/pages"}],"about":[{"href":"https:\/\/www.mylittlemountain.com\/en\/wp-json\/wp\/v2\/types\/page"}],"author":[{"embeddable":true,"href":"https:\/\/www.mylittlemountain.com\/en\/wp-json\/wp\/v2\/users\/1"}],"replies":[{"embeddable":true,"href":"https:\/\/www.mylittlemountain.com\/en\/wp-json\/wp\/v2\/comments?post=7"}],"version-history":[{"count":6,"href":"https:\/\/www.mylittlemountain.com\/en\/wp-json\/wp\/v2\/pages\/7\/revisions"}],"predecessor-version":[{"id":2477,"href":"https:\/\/www.mylittlemountain.com\/en\/wp-json\/wp\/v2\/pages\/7\/revisions\/2477"}],"wp:attachment":[{"href":"https:\/\/www.mylittlemountain.com\/en\/wp-json\/wp\/v2\/media?parent=7"}],"curies":[{"name":"wp","href":"https:\/\/api.w.org\/{rel}","templated":true}]}}