{"id":112,"date":"2018-06-25T11:28:34","date_gmt":"2018-06-25T09:28:34","guid":{"rendered":"https:\/\/www.mylittlemountain.com\/?page_id=112"},"modified":"2020-03-27T21:19:18","modified_gmt":"2020-03-27T20:19:18","slug":"qui-sommes-nous","status":"publish","type":"page","link":"https:\/\/www.mylittlemountain.com\/fr\/qui-sommes-nous\/","title":{"rendered":"Qui sommes-nous ?"},"content":{"rendered":"<h3>Le produit<\/h3>\n<p>Les r\u00e9pliques de montagnes de la marque My Little Mountain<sup>\u00ae<\/sup> permettent \u00e0 chacun d&#8217;avoir sa propre petite montagne chez soi. Ces r\u00e9pliques de grande qualit\u00e9 sont moul\u00e9es avec de la r\u00e9sine synth\u00e9tique provenant de mati\u00e8res premi\u00e8res renouvelables. Elles existent dans les versions Cervin, Eiger et Titlis et sont disponibles chez certains de nos revendeurs et aussi ici, dans notre boutique en ligne. Les crit\u00e8res \u00ab swissness \u00bb font partie int\u00e9grante de notre philosophie ; nos r\u00e9pliques de montagnes sont toutes con\u00e7ues et fabriqu\u00e9es en Suisse.<\/p>\n<h3>La marque<\/h3>\n<p>La marque prot\u00e9g\u00e9e My Little Mountain<sup>\u00ae<\/sup> parle d&#8217;elle-m\u00eame. Nous souhaitons que tous les amoureux de la montagne et les montagnards nostalgiques puissent avoir leur petite montagne chez eux \u00e0 la maison, ou sur leur lieu de travail. Gr\u00e2ce \u00e0 la conversion de leurs donn\u00e9es GPS, des montagnes culminant \u00e0 plus de 4&#8217;000 m d&#8217;altitude trouvent tout naturellement leur place sur une table ou tout autre meuble. My Little Mountain<sup>\u00ae<\/sup>, ce sont des r\u00e9pliques de montagnes d&#8217;un tout nouveau genre et carr\u00e9ment dans l&#8217;air du temps.<\/p>\n<h3>La philosophie<\/h3>\n<p>Dans un souci constant de proposer des produits innovants, de satisfaire nos clients et de forger une culture d&#8217;entreprise saine, la soci\u00e9t\u00e9 Seven Elements GmbH, propri\u00e9taire de la marque My Little Mountain<sup>\u00ae<\/sup>, s\u2019appuie sur les sept \u00e9l\u00e9ments suivants :<\/p>\n<ul>\n<li>Design<\/li>\n<li>Unicit\u00e9<\/li>\n<li>Robustesse<\/li>\n<li>P\u00e9rennit\u00e9<\/li>\n<li>Passion<\/li>\n<li>Qualit\u00e9<\/li>\n<li>Vision<\/li>\n<\/ul>\n<p>Le nom de l&#8217;entreprise fait lui-m\u00eame r\u00e9f\u00e9rence \u00e0 ces sept \u00e9l\u00e9ments et toutes nos r\u00e9flexions et toutes nos actions en sont empreintes, car ils sont les garants du succ\u00e8s de notre entreprise.<\/p>\n<p>Des informations compl\u00e9mentaires sur Seven Elements GmbH sont accessibles via le lien <a href=\"https:\/\/sevenelements.ch\">https:\/\/sevenelements.ch<\/a>.<\/p>\n","protected":false},"excerpt":{"rendered":"<p>Le produit Les r\u00e9pliques de montagnes de la marque My Little Mountain\u00ae permettent \u00e0 chacun d&#8217;avoir sa propre petite montagne chez soi. Ces r\u00e9pliques de grande qualit\u00e9 sont moul\u00e9es avec de la r\u00e9sine synth\u00e9tique provenant de mati\u00e8res premi\u00e8res renouvelables. Elles existent dans les versions Cervin, Eiger et Titlis et sont disponibles chez certains de nos&#8230;<\/p>\n<p><a class=\"button-black button alt\" href=\"https:\/\/www.mylittlemountain.com\/fr\/qui-sommes-nous\/\">Article ouvert<span class=\"fa fa-plus\"><\/span><\/a><\/p>\n","protected":false},"author":1,"featured_media":0,"parent":0,"menu_order":0,"comment_status":"closed","ping_status":"closed","template":"","meta":{"footnotes":""},"acf":[],"_links":{"self":[{"href":"https:\/\/www.mylittlemountain.com\/fr\/wp-json\/wp\/v2\/pages\/112"}],"collection":[{"href":"https:\/\/www.mylittlemountain.com\/fr\/wp-json\/wp\/v2\/pages"}],"about":[{"href":"https:\/\/www.mylittlemountain.com\/fr\/wp-json\/wp\/v2\/types\/page"}],"author":[{"embeddable":true,"href":"https:\/\/www.mylittlemountain.com\/fr\/wp-json\/wp\/v2\/users\/1"}],"replies":[{"embeddable":true,"href":"https:\/\/www.mylittlemountain.com\/fr\/wp-json\/wp\/v2\/comments?post=112"}],"version-history":[{"count":14,"href":"https:\/\/www.mylittlemountain.com\/fr\/wp-json\/wp\/v2\/pages\/112\/revisions"}],"predecessor-version":[{"id":1642,"href":"https:\/\/www.mylittlemountain.com\/fr\/wp-json\/wp\/v2\/pages\/112\/revisions\/1642"}],"wp:attachment":[{"href":"https:\/\/www.mylittlemountain.com\/fr\/wp-json\/wp\/v2\/media?parent=112"}],"curies":[{"name":"wp","href":"https:\/\/api.w.org\/{rel}","templated":true}]}}