{"id":2188,"date":"2023-08-02T15:37:08","date_gmt":"2023-08-03T07:08:29","guid":{"rendered":"https:\/\/www.mylittlemountain.com\/?post_type=product&#038;p=2188"},"modified":"2023-08-07T13:15:52","modified_gmt":"2023-08-07T11:15:52","slug":"eiger","status":"publish","type":"product","link":"https:\/\/www.mylittlemountain.com\/fr\/produit\/eiger\/","title":{"rendered":"Eiger"},"content":{"rendered":"","protected":false},"excerpt":{"rendered":"<p>\u25b2 3\u2019970 M \/ 13\u2019026 FT<\/p>\n<p>\u25b2 46\u00b0 34\u2032 40\u2033 N \u2013 8\u00b0 00\u2032 19\u2033\u00a0E<\/p>\n<p>R\u00e9plique de montagne \u00e9dition Eiger, en r\u00e9sine synth\u00e9tique provenant de mati\u00e8res premi\u00e8res renouvelables et moul\u00e9e d&#8217;apr\u00e8s les donn\u00e9es GPS actuelles. Socle en noyer d&#8217;origine suisse.<\/p>\n<p><!--more-->Le socle en bois comporte, sur le devant, des indications relatives \u00e0 la montagne et \u00e0 l\u2019arri\u00e8re, le logo de My Little Mountain, le tout grav\u00e9 au laser.<\/p>\n<p>Dimensions r\u00e9plique (L x l x h) : 11 x 11 x 12 cm<\/p>\n<p>Poids : 780 gr<\/p>\n<p>Dimensions emballage (L x l x h) : 13,5 x 13,5 x 13,5 cm<\/p>\n<p>Nous prot\u00e9geons notre environnement et \u00e9vitons les emballages en plastique. L\u2019emballage de nos r\u00e9pliques de montagnes est en carton naturel, dont la solidit\u00e9 garantit un transport en toute s\u00e9curit\u00e9.<\/p>\n<p>La r\u00e9sine synth\u00e9tique que nous utilisons est un produit d\u2019origine naturelle. C\u2019est pourquoi, la couleur et la structure peuvent varier l\u00e9g\u00e8rement d\u2019une r\u00e9plique \u00e0 l\u2019autre.<\/p>\n<p><img decoding=\"async\" loading=\"lazy\" class=\"alignnone size-full wp-image-1609\" src=\"https:\/\/www.mylittlemountain.com\/wp-content\/uploads\/2020\/03\/leaf-1.png\" alt=\"\" width=\"24\" height=\"24\" \/>\u00a0\u00c9labor\u00e9e avec de la r\u00e9sine biosourc\u00e9e&#8230;<\/p>\n<p><a class=\"button-black button alt\" href=\"https:\/\/www.mylittlemountain.com\/fr\/produit\/eiger\/\">Article ouvert<span class=\"fa fa-plus\"><\/span><\/a><\/p>\n","protected":false},"featured_media":1502,"comment_status":"closed","ping_status":"closed","template":"","meta":[],"product_cat":[177],"product_tag":[170],"acf":[],"_links":{"self":[{"href":"https:\/\/www.mylittlemountain.com\/fr\/wp-json\/wp\/v2\/product\/2188"}],"collection":[{"href":"https:\/\/www.mylittlemountain.com\/fr\/wp-json\/wp\/v2\/product"}],"about":[{"href":"https:\/\/www.mylittlemountain.com\/fr\/wp-json\/wp\/v2\/types\/product"}],"replies":[{"embeddable":true,"href":"https:\/\/www.mylittlemountain.com\/fr\/wp-json\/wp\/v2\/comments?post=2188"}],"wp:featuredmedia":[{"embeddable":true,"href":"https:\/\/www.mylittlemountain.com\/fr\/wp-json\/wp\/v2\/media\/1502"}],"wp:attachment":[{"href":"https:\/\/www.mylittlemountain.com\/fr\/wp-json\/wp\/v2\/media?parent=2188"}],"wp:term":[{"taxonomy":"product_cat","embeddable":true,"href":"https:\/\/www.mylittlemountain.com\/fr\/wp-json\/wp\/v2\/product_cat?post=2188"},{"taxonomy":"product_tag","embeddable":true,"href":"https:\/\/www.mylittlemountain.com\/fr\/wp-json\/wp\/v2\/product_tag?post=2188"}],"curies":[{"name":"wp","href":"https:\/\/api.w.org\/{rel}","templated":true}]}}