{"id":2200,"date":"2023-08-02T18:27:41","date_gmt":"2023-08-03T07:46:46","guid":{"rendered":"https:\/\/www.mylittlemountain.com\/?post_type=product&#038;p=2200"},"modified":"2023-08-07T13:03:57","modified_gmt":"2023-08-07T11:03:57","slug":"triumvirate","status":"publish","type":"product","link":"https:\/\/www.mylittlemountain.com\/fr\/produit\/triumvirate\/","title":{"rendered":"Triumvirat"},"content":{"rendered":"","protected":false},"excerpt":{"rendered":"<p>\u25b2 EIGER<\/p>\n<p>3\u2019970 M \/ 13\u2019025 FT<\/p>\n<p>46\u00b0 34\u2032 40\u2033 N &#8211; 8\u00b0 00\u2032 20\u2033 E<\/p>\n<p>&nbsp;<\/p>\n<p>\u25b2 M\u00d6NCH<\/p>\n<p>4\u2019110 M \/ 13\u2019484 FT<\/p>\n<p>46\u00b0 33\u2032 31\u2033 N &#8211; 7\u00b0 59\u2032 51\u2033 E<\/p>\n<p>&nbsp;<\/p>\n<p>\u25b2 JUNGFRAU<\/p>\n<p>4\u2019158 M \/ 13\u2019642 FT<\/p>\n<p>47\u00b0 32\u2032 17\u2033 N &#8211; 7\u00b0 57\u2032 48\u2033 E<\/p>\n<p>R\u00e9plique de montagne \u00e9dition Eiger &#8211; M\u00f6nch &#8211; Jungfrau, moul\u00e9e en gypse de haute qualit\u00e9 de couleur blanc brillant, r\u00e9sistant aux intemp\u00e9ries et \u00e0 la lumi\u00e8re. D\u2019apr\u00e8s les donn\u00e9es GPS actuelles. Socle en noyer.<\/p>\n<p><!--more--><\/p>\n<p>Le socle en bois comporte, sur le devant, des indications relatives \u00e0 la montagne et \u00e0 l\u2019arri\u00e8re, le logo de My Little Mountain, le tout grav\u00e9 au laser.<\/p>\n<p>Dimensions r\u00e9plique (L x l x h) : 20.8 x 10 x 9.5 cm<\/p>\n<p>Poids : 1\u2019590 gr<\/p>\n<p>Dimensions emballage (L x l x h): 23.2 x 12.3 x 12.3 cm<\/p>\n<p>Nous prot\u00e9geons notre environnement et \u00e9vitons les emballages en plastique. L\u2019emballage de nos r\u00e9pliques de montagnes est en carton naturel, dont la solidit\u00e9 garantit un transport en toute s\u00e9curit\u00e9&#8230;.<\/p>\n<p><a class=\"button-black button alt\" href=\"https:\/\/www.mylittlemountain.com\/fr\/produit\/triumvirate\/\">Article ouvert<span class=\"fa fa-plus\"><\/span><\/a><\/p>\n","protected":false},"featured_media":1918,"comment_status":"closed","ping_status":"closed","template":"","meta":[],"product_cat":[179],"product_tag":[191],"acf":[],"_links":{"self":[{"href":"https:\/\/www.mylittlemountain.com\/fr\/wp-json\/wp\/v2\/product\/2200"}],"collection":[{"href":"https:\/\/www.mylittlemountain.com\/fr\/wp-json\/wp\/v2\/product"}],"about":[{"href":"https:\/\/www.mylittlemountain.com\/fr\/wp-json\/wp\/v2\/types\/product"}],"replies":[{"embeddable":true,"href":"https:\/\/www.mylittlemountain.com\/fr\/wp-json\/wp\/v2\/comments?post=2200"}],"wp:featuredmedia":[{"embeddable":true,"href":"https:\/\/www.mylittlemountain.com\/fr\/wp-json\/wp\/v2\/media\/1918"}],"wp:attachment":[{"href":"https:\/\/www.mylittlemountain.com\/fr\/wp-json\/wp\/v2\/media?parent=2200"}],"wp:term":[{"taxonomy":"product_cat","embeddable":true,"href":"https:\/\/www.mylittlemountain.com\/fr\/wp-json\/wp\/v2\/product_cat?post=2200"},{"taxonomy":"product_tag","embeddable":true,"href":"https:\/\/www.mylittlemountain.com\/fr\/wp-json\/wp\/v2\/product_tag?post=2200"}],"curies":[{"name":"wp","href":"https:\/\/api.w.org\/{rel}","templated":true}]}}