{"id":2202,"date":"2023-08-02T21:28:21","date_gmt":"2023-08-03T07:48:59","guid":{"rendered":"https:\/\/www.mylittlemountain.com\/?post_type=product&#038;p=2202"},"modified":"2023-08-03T09:49:00","modified_gmt":"2023-08-03T07:49:00","slug":"eiger-2","status":"publish","type":"product","link":"https:\/\/www.mylittlemountain.com\/fr\/produit\/eiger-2\/","title":{"rendered":"Eiger"},"content":{"rendered":"","protected":false},"excerpt":{"rendered":"<p>\u25b2 3\u2019970 M \/ 13\u2019026 FT<\/p>\n<p>\u25b2 46\u00b0\u00a034\u2032\u00a040\u2033\u00a0N \u2013 8\u00b0\u00a000\u2032\u00a019\u2033\u00a0E<\/p>\n<p>R\u00e9plique de montagne \u00e9dition Eiger, moul\u00e9e en gypse de haute qualit\u00e9 de couleur blanc brillant, r\u00e9sistant aux intemp\u00e9ries et \u00e0 la lumi\u00e8re. D\u2019apr\u00e8s les donn\u00e9es GPS actuelles. Socle en noyer.<\/p>\n<p><!--more--><\/p>\n<p>Le socle en bois comporte, sur le devant, des indications relatives \u00e0 la montagne et \u00e0 l\u2019arri\u00e8re, le logo de My Little Mountain, le tout grav\u00e9 au laser.<\/p>\n<p>Dimensions r\u00e9plique (L x l x h) : 11 x 11 x 12.0 cm<\/p>\n<p>Poids : 1\u2019040 gr<\/p>\n<p>Dimensions emballage (L x l x h) : 13,5 x 13,5 x 13,5 cm<\/p>\n<p>Nous prot\u00e9geons notre environnement et \u00e9vitons les emballages en plastique. L\u2019emballage de nos r\u00e9pliques de montagnes est en carton naturel, dont la solidit\u00e9 garantit un transport en toute s\u00e9curit\u00e9&#8230;.<\/p>\n<p><a class=\"button-black button alt\" href=\"https:\/\/www.mylittlemountain.com\/fr\/produit\/eiger-2\/\">Article ouvert<span class=\"fa fa-plus\"><\/span><\/a><\/p>\n","protected":false},"featured_media":1933,"comment_status":"closed","ping_status":"closed","template":"","meta":[],"product_cat":[179],"product_tag":[191],"acf":[],"_links":{"self":[{"href":"https:\/\/www.mylittlemountain.com\/fr\/wp-json\/wp\/v2\/product\/2202"}],"collection":[{"href":"https:\/\/www.mylittlemountain.com\/fr\/wp-json\/wp\/v2\/product"}],"about":[{"href":"https:\/\/www.mylittlemountain.com\/fr\/wp-json\/wp\/v2\/types\/product"}],"replies":[{"embeddable":true,"href":"https:\/\/www.mylittlemountain.com\/fr\/wp-json\/wp\/v2\/comments?post=2202"}],"wp:featuredmedia":[{"embeddable":true,"href":"https:\/\/www.mylittlemountain.com\/fr\/wp-json\/wp\/v2\/media\/1933"}],"wp:attachment":[{"href":"https:\/\/www.mylittlemountain.com\/fr\/wp-json\/wp\/v2\/media?parent=2202"}],"wp:term":[{"taxonomy":"product_cat","embeddable":true,"href":"https:\/\/www.mylittlemountain.com\/fr\/wp-json\/wp\/v2\/product_cat?post=2202"},{"taxonomy":"product_tag","embeddable":true,"href":"https:\/\/www.mylittlemountain.com\/fr\/wp-json\/wp\/v2\/product_tag?post=2202"}],"curies":[{"name":"wp","href":"https:\/\/api.w.org\/{rel}","templated":true}]}}