{"id":2212,"date":"2023-08-02T21:38:56","date_gmt":"2023-08-03T08:12:54","guid":{"rendered":"https:\/\/www.mylittlemountain.com\/?post_type=product&#038;p=2212"},"modified":"2023-08-07T13:12:41","modified_gmt":"2023-08-07T11:12:41","slug":"triumvirate-2","status":"publish","type":"product","link":"https:\/\/www.mylittlemountain.com\/fr\/produit\/triumvirate-2\/","title":{"rendered":"Triumvirat"},"content":{"rendered":"","protected":false},"excerpt":{"rendered":"<p>EIGER<\/p>\n<p>3\u2019970 M \/ 13\u2019025 FT<\/p>\n<p>46\u00b0 34\u2032 40\u2033 N &#8211; 8\u00b0 00\u2032 20\u2033 E<\/p>\n<p>M\u00d6NCH<\/p>\n<p>4\u2019110 M \/ 13\u2019484 FT<\/p>\n<p>46\u00b0 33\u2032 31\u2033 N &#8211; 7\u00b0 59\u2032 51\u2033 E<\/p>\n<p>JUNGFRAU<\/p>\n<p>4\u2019158 M \/ 13\u2019642 FT<\/p>\n<p>47\u00b0 32\u2032 17\u2033 N &#8211; 7\u00b0 57\u2032 48\u2033 E<\/p>\n<p>R\u00e9plique de montagne Eiger, M\u00f6nch et Jungfrau \u2013 \u00e9dition exclusive Esther Gerber \u2013 moul\u00e9e en gypse de haute qualit\u00e9 de couleur blanc brillant, r\u00e9sistant aux intemp\u00e9ries et \u00e0 la lumi\u00e8re. D&#8217;apr\u00e8s les donn\u00e9es GPS actuelles. Socle en noyer avec reproduction au laser d&#8217;un papier d\u00e9coup\u00e9 d&#8217;Esther Gerber.<\/p>\n<p><!--more--><\/p>\n<p>Le socle en bois comporte, sur le devant, des indications relatives \u00e0 la montagne et \u00e0 l\u2019arri\u00e8re, le logo de My Little Mountain, le tout grav\u00e9 au laser.<\/p>\n<p>Dimensions r\u00e9plique (L x l x h) : 20.8 x 10 x 9.5 cm<\/p>\n<p>Poids : 1\u2019590 gr<\/p>\n<p>Masse Verpackung (LxBxH): 23.2 x 12.3 x 12.3 cm<\/p>\n<p>Nous prot\u00e9geons notre environnement et \u00e9vitons les emballages en plastique. L\u2019emballage de nos r\u00e9pliques de montagnes est en carton naturel, dont la solidit\u00e9 garantit un transport en toute s\u00e9curit\u00e9&#8230;.<\/p>\n<p><a class=\"button-black button alt\" href=\"https:\/\/www.mylittlemountain.com\/fr\/produit\/triumvirate-2\/\">Article ouvert<span class=\"fa fa-plus\"><\/span><\/a><\/p>\n","protected":false},"featured_media":2000,"comment_status":"closed","ping_status":"closed","template":"","meta":[],"product_cat":[182],"product_tag":[168],"acf":[],"_links":{"self":[{"href":"https:\/\/www.mylittlemountain.com\/fr\/wp-json\/wp\/v2\/product\/2212"}],"collection":[{"href":"https:\/\/www.mylittlemountain.com\/fr\/wp-json\/wp\/v2\/product"}],"about":[{"href":"https:\/\/www.mylittlemountain.com\/fr\/wp-json\/wp\/v2\/types\/product"}],"replies":[{"embeddable":true,"href":"https:\/\/www.mylittlemountain.com\/fr\/wp-json\/wp\/v2\/comments?post=2212"}],"wp:featuredmedia":[{"embeddable":true,"href":"https:\/\/www.mylittlemountain.com\/fr\/wp-json\/wp\/v2\/media\/2000"}],"wp:attachment":[{"href":"https:\/\/www.mylittlemountain.com\/fr\/wp-json\/wp\/v2\/media?parent=2212"}],"wp:term":[{"taxonomy":"product_cat","embeddable":true,"href":"https:\/\/www.mylittlemountain.com\/fr\/wp-json\/wp\/v2\/product_cat?post=2212"},{"taxonomy":"product_tag","embeddable":true,"href":"https:\/\/www.mylittlemountain.com\/fr\/wp-json\/wp\/v2\/product_tag?post=2212"}],"curies":[{"name":"wp","href":"https:\/\/api.w.org\/{rel}","templated":true}]}}