{"id":2214,"date":"2023-08-02T21:40:36","date_gmt":"2023-08-03T08:21:01","guid":{"rendered":"https:\/\/www.mylittlemountain.com\/?post_type=product&#038;p=2214"},"modified":"2023-08-07T13:14:21","modified_gmt":"2023-08-07T11:14:21","slug":"matterhorn-3","status":"publish","type":"product","link":"https:\/\/www.mylittlemountain.com\/fr\/produit\/matterhorn-3\/","title":{"rendered":"Matterhorn"},"content":{"rendered":"","protected":false},"excerpt":{"rendered":"<p>\u25b2 4\u2019478 M \/ 14\u2019690 FT<\/p>\n<p>\u25b2 45\u00b0\u00a058\u2032\u00a035\u2033\u00a0N \u2013 7\u00b0\u00a039\u2032\u00a031\u2033\u00a0E<\/p>\n<p>R\u00e9plique de montagne Matterhorn \u2013 \u00e9dition exclusive Esther Gerber \u2013 moul\u00e9e en gypse de haute qualit\u00e9 de couleur blanc brillant, r\u00e9sistant aux intemp\u00e9ries et \u00e0 la lumi\u00e8re. D&#8217;apr\u00e8s les donn\u00e9es GPS actuelles. Socle en noyer avec reproduction au laser d&#8217;un papier d\u00e9coup\u00e9 d&#8217;Esther Gerber.<\/p>\n<p><!--more--><\/p>\n<p>Le socle en bois comporte, sur le devant, des indications relatives \u00e0 la montagne et \u00e0 l\u2019arri\u00e8re, le logo de My Little Mountain, le tout grav\u00e9 au laser.<\/p>\n<p>Dimensions r\u00e9plique (L x l x h) : 11 x 11 x 11,5 cm<\/p>\n<p>Poids : 870 gr<\/p>\n<p>Dimensions emballage (L x l x h) : 13,5 x 13,5 x 13,5 cm<\/p>\n<p>Nous prot\u00e9geons notre environnement et \u00e9vitons les emballages en plastique. L\u2019emballage de nos r\u00e9pliques de montagnes est en carton naturel, dont la solidit\u00e9 garantit un transport en toute s\u00e9curit\u00e9&#8230;.<\/p>\n<p><a class=\"button-black button alt\" href=\"https:\/\/www.mylittlemountain.com\/fr\/produit\/matterhorn-3\/\">Article ouvert<span class=\"fa fa-plus\"><\/span><\/a><\/p>\n","protected":false},"featured_media":2021,"comment_status":"closed","ping_status":"closed","template":"","meta":[],"product_cat":[182],"product_tag":[168],"acf":[],"_links":{"self":[{"href":"https:\/\/www.mylittlemountain.com\/fr\/wp-json\/wp\/v2\/product\/2214"}],"collection":[{"href":"https:\/\/www.mylittlemountain.com\/fr\/wp-json\/wp\/v2\/product"}],"about":[{"href":"https:\/\/www.mylittlemountain.com\/fr\/wp-json\/wp\/v2\/types\/product"}],"replies":[{"embeddable":true,"href":"https:\/\/www.mylittlemountain.com\/fr\/wp-json\/wp\/v2\/comments?post=2214"}],"wp:featuredmedia":[{"embeddable":true,"href":"https:\/\/www.mylittlemountain.com\/fr\/wp-json\/wp\/v2\/media\/2021"}],"wp:attachment":[{"href":"https:\/\/www.mylittlemountain.com\/fr\/wp-json\/wp\/v2\/media?parent=2214"}],"wp:term":[{"taxonomy":"product_cat","embeddable":true,"href":"https:\/\/www.mylittlemountain.com\/fr\/wp-json\/wp\/v2\/product_cat?post=2214"},{"taxonomy":"product_tag","embeddable":true,"href":"https:\/\/www.mylittlemountain.com\/fr\/wp-json\/wp\/v2\/product_tag?post=2214"}],"curies":[{"name":"wp","href":"https:\/\/api.w.org\/{rel}","templated":true}]}}