{"id":2218,"date":"2023-08-03T10:25:12","date_gmt":"2023-08-03T08:25:12","guid":{"rendered":"https:\/\/www.mylittlemountain.com\/?post_type=product&#038;p=2218"},"modified":"2024-10-07T08:30:40","modified_gmt":"2024-10-07T06:30:40","slug":"matterhorn-4","status":"publish","type":"product","link":"https:\/\/www.mylittlemountain.com\/fr\/produit\/matterhorn-4\/","title":{"rendered":"Matterhorn"},"content":{"rendered":"","protected":false},"excerpt":{"rendered":"<p>\u25b2 4\u2019478 M \/ 14\u2019690 FT<\/p>\n<p>\u25b2 45\u00b0\u00a058\u2032\u00a035\u2033\u00a0N \u2013 7\u00b0\u00a039\u2032\u00a031\u2033\u00a0E<\/p>\n<p>R\u00e9plique de montagne \u00e9dition Matterhorn, moul\u00e9e en gypse de haute qualit\u00e9 de couleur blanc brillant, r\u00e9sistant aux intemp\u00e9ries et \u00e0 la lumi\u00e8re. D\u2019apr\u00e8s les donn\u00e9es GPS actuelles. Socle en noyer.<\/p>\n<p><!--more--><\/p>\n<p>Le socle en bois comporte, sur le devant, des indications relatives \u00e0 la montagne et \u00e0 l\u2019arri\u00e8re, le logo de My Little Mountain, le tout grav\u00e9 au laser.<\/p>\n<p>Dimensions r\u00e9plique (L x l x h) : 5.5 x 5.5 x 6.0 cm<\/p>\n<p>Poids : 100 gr<\/p>\n<p>Dimensions emballage (L x l x h) : 5.7 x 5.7 x 6.2 cm<\/p>\n<p>Nous prot\u00e9geons notre environnement et \u00e9vitons les emballages en plastique. L\u2019emballage de nos r\u00e9pliques de montagnes est en carton naturel, dont la solidit\u00e9 garantit un transport en toute s\u00e9curit\u00e9&#8230;.<\/p>\n<p><a class=\"button-black button alt\" href=\"https:\/\/www.mylittlemountain.com\/fr\/produit\/matterhorn-4\/\">Article ouvert<span class=\"fa fa-plus\"><\/span><\/a><\/p>\n","protected":false},"featured_media":2042,"comment_status":"closed","ping_status":"closed","template":"","meta":[],"product_cat":[185],"product_tag":[169],"acf":[],"_links":{"self":[{"href":"https:\/\/www.mylittlemountain.com\/fr\/wp-json\/wp\/v2\/product\/2218"}],"collection":[{"href":"https:\/\/www.mylittlemountain.com\/fr\/wp-json\/wp\/v2\/product"}],"about":[{"href":"https:\/\/www.mylittlemountain.com\/fr\/wp-json\/wp\/v2\/types\/product"}],"replies":[{"embeddable":true,"href":"https:\/\/www.mylittlemountain.com\/fr\/wp-json\/wp\/v2\/comments?post=2218"}],"wp:featuredmedia":[{"embeddable":true,"href":"https:\/\/www.mylittlemountain.com\/fr\/wp-json\/wp\/v2\/media\/2042"}],"wp:attachment":[{"href":"https:\/\/www.mylittlemountain.com\/fr\/wp-json\/wp\/v2\/media?parent=2218"}],"wp:term":[{"taxonomy":"product_cat","embeddable":true,"href":"https:\/\/www.mylittlemountain.com\/fr\/wp-json\/wp\/v2\/product_cat?post=2218"},{"taxonomy":"product_tag","embeddable":true,"href":"https:\/\/www.mylittlemountain.com\/fr\/wp-json\/wp\/v2\/product_tag?post=2218"}],"curies":[{"name":"wp","href":"https:\/\/api.w.org\/{rel}","templated":true}]}}