{"id":2308,"date":"2024-01-23T13:45:57","date_gmt":"2024-01-23T12:45:57","guid":{"rendered":"https:\/\/www.mylittlemountain.com\/product\/mythen\/"},"modified":"2024-01-25T13:27:17","modified_gmt":"2024-01-25T12:27:17","slug":"mythen","status":"publish","type":"product","link":"https:\/\/www.mylittlemountain.com\/fr\/produit\/mythen\/","title":{"rendered":"Mythen"},"content":{"rendered":"<p>\u25b2 GROSSER MYTHEN<\/p>\n<p>1\u2019898 M \/ 6\u2019227 FT<\/p>\n<p>47\u00b0 01\u2032 48\u2033 N &#8211; 08\u00b0 41\u2032 20\u2033 O<\/p>\n<p>\u25b2 KLEINER MYTHEN<\/p>\n<p>1\u2019811 M \/ 5\u2019942 FT<\/p>\n<p>47\u00b0 02\u2032 27\u2033 N &#8211; 08\u00b0 41\u2032 06\u2033 O<\/p>\n<p>R\u00e9plique de montagne \u00e9dition Mythen, moul\u00e9e en gypse de haute qualit\u00e9 de couleur blanc brillant, r\u00e9sistant aux intemp\u00e9ries et \u00e0 la lumi\u00e8re. D\u2019apr\u00e8s les donn\u00e9es GPS actuelles. Socle en noyer.<!--more--><\/p>\n<p>Le socle en bois comporte, sur le devant, des indications relatives \u00e0 la montagne et \u00e0 l\u2019arri\u00e8re, le logo de My Little Mountain, le tout grav\u00e9 au laser.<\/p>\n<p>Dimensions r\u00e9plique (L x l x h) : 11 x 11 x 9 cm<\/p>\n<p>Poids : 0,74 kg<\/p>\n<p>Dimensions emballage (L x l x h) : 13,5 x 13,5 x 13,5 cm<\/p>\n<p>Nous prot\u00e9geons notre environnement et \u00e9vitons les emballages en plastique. L\u2019emballage de nos r\u00e9pliques de montagnes est en carton naturel, dont la solidit\u00e9 garantit un transport en toute s\u00e9curit\u00e9.<\/p>\n","protected":false},"excerpt":{"rendered":"<p>\u25b2 GROSSER MYTHEN 1\u2019898 M \/ 6\u2019227 FT 47\u00b0 01\u2032 48\u2033 N &#8211; 08\u00b0 41\u2032 20\u2033 O \u25b2 KLEINER MYTHEN 1\u2019811 M \/ 5\u2019942 FT 47\u00b0 02\u2032 27\u2033 N &#8211; 08\u00b0 41\u2032 06\u2033 O R\u00e9plique de montagne \u00e9dition Mythen, moul\u00e9e en gypse de haute qualit\u00e9 de couleur blanc brillant, r\u00e9sistant aux intemp\u00e9ries et \u00e0 la&#8230;<\/p>\n<p><a class=\"button-black button alt\" href=\"https:\/\/www.mylittlemountain.com\/fr\/produit\/mythen\/\">Article ouvert<span class=\"fa fa-plus\"><\/span><\/a><\/p>\n","protected":false},"featured_media":2342,"comment_status":"closed","ping_status":"closed","template":"","meta":[],"product_cat":[179],"product_tag":[191],"acf":[],"_links":{"self":[{"href":"https:\/\/www.mylittlemountain.com\/fr\/wp-json\/wp\/v2\/product\/2308"}],"collection":[{"href":"https:\/\/www.mylittlemountain.com\/fr\/wp-json\/wp\/v2\/product"}],"about":[{"href":"https:\/\/www.mylittlemountain.com\/fr\/wp-json\/wp\/v2\/types\/product"}],"replies":[{"embeddable":true,"href":"https:\/\/www.mylittlemountain.com\/fr\/wp-json\/wp\/v2\/comments?post=2308"}],"wp:featuredmedia":[{"embeddable":true,"href":"https:\/\/www.mylittlemountain.com\/fr\/wp-json\/wp\/v2\/media\/2342"}],"wp:attachment":[{"href":"https:\/\/www.mylittlemountain.com\/fr\/wp-json\/wp\/v2\/media?parent=2308"}],"wp:term":[{"taxonomy":"product_cat","embeddable":true,"href":"https:\/\/www.mylittlemountain.com\/fr\/wp-json\/wp\/v2\/product_cat?post=2308"},{"taxonomy":"product_tag","embeddable":true,"href":"https:\/\/www.mylittlemountain.com\/fr\/wp-json\/wp\/v2\/product_tag?post=2308"}],"curies":[{"name":"wp","href":"https:\/\/api.w.org\/{rel}","templated":true}]}}