{"id":2404,"date":"2024-02-02T09:39:07","date_gmt":"2024-02-02T08:39:07","guid":{"rendered":"https:\/\/www.mylittlemountain.com\/product\/rigi-2-2\/"},"modified":"2024-02-02T09:40:15","modified_gmt":"2024-02-02T08:40:15","slug":"rigi-2-2","status":"publish","type":"product","link":"https:\/\/www.mylittlemountain.com\/fr\/produit\/rigi-2-2\/","title":{"rendered":"Rigi"},"content":{"rendered":"<p>\u25b2 1\u2019798 M \/ 5\u2019897 FT<\/p>\n<p>\u25b2 47\u00b0 03\u2032 25\u2033 N \u2013 08\u00b0 29\u2032 08\u2033\u00a0E<\/p>\n<p>R\u00e9plique de montagne \u00e9dition Rigi, moul\u00e9e en gypse de haute qualit\u00e9 de couleur blanc brillant, r\u00e9sistant aux intemp\u00e9ries et \u00e0 la lumi\u00e8re. D\u2019apr\u00e8s les donn\u00e9es GPS actuelles. Socle en noyer.<\/p>\n<p><!--more--><\/p>\n<p>Le socle en bois comporte, sur le devant, des indications relatives \u00e0 la montagne et \u00e0 l\u2019arri\u00e8re, le logo de My Little Mountain, le tout grav\u00e9 au laser.<\/p>\n<p>Dimensions r\u00e9plique (L x l x h) : 11 x 11 x 7,5 cm<\/p>\n<p>Poids :720 gr<\/p>\n<p>Dimensions emballage (L x l x h) : 13,5 x 13,5 x 13,5 cm<\/p>\n<p>Nous prot\u00e9geons notre environnement et \u00e9vitons les emballages en plastique. L\u2019emballage de nos r\u00e9pliques de montagnes est en carton naturel, dont la solidit\u00e9 garantit un transport en toute s\u00e9curit\u00e9.<\/p>\n","protected":false},"excerpt":{"rendered":"<p>\u25b2 1\u2019798 M \/ 5\u2019897 FT \u25b2 47\u00b0 03\u2032 25\u2033 N \u2013 08\u00b0 29\u2032 08\u2033\u00a0E R\u00e9plique de montagne \u00e9dition Rigi, moul\u00e9e en gypse de haute qualit\u00e9 de couleur blanc brillant, r\u00e9sistant aux intemp\u00e9ries et \u00e0 la lumi\u00e8re. D\u2019apr\u00e8s les donn\u00e9es GPS actuelles. Socle en noyer&#8230;.<\/p>\n<p><a class=\"button-black button alt\" href=\"https:\/\/www.mylittlemountain.com\/fr\/produit\/rigi-2-2\/\">Article ouvert<span class=\"fa fa-plus\"><\/span><\/a><\/p>\n","protected":false},"featured_media":2393,"comment_status":"closed","ping_status":"closed","template":"","meta":[],"product_cat":[179],"product_tag":[191],"acf":[],"_links":{"self":[{"href":"https:\/\/www.mylittlemountain.com\/fr\/wp-json\/wp\/v2\/product\/2404"}],"collection":[{"href":"https:\/\/www.mylittlemountain.com\/fr\/wp-json\/wp\/v2\/product"}],"about":[{"href":"https:\/\/www.mylittlemountain.com\/fr\/wp-json\/wp\/v2\/types\/product"}],"replies":[{"embeddable":true,"href":"https:\/\/www.mylittlemountain.com\/fr\/wp-json\/wp\/v2\/comments?post=2404"}],"wp:featuredmedia":[{"embeddable":true,"href":"https:\/\/www.mylittlemountain.com\/fr\/wp-json\/wp\/v2\/media\/2393"}],"wp:attachment":[{"href":"https:\/\/www.mylittlemountain.com\/fr\/wp-json\/wp\/v2\/media?parent=2404"}],"wp:term":[{"taxonomy":"product_cat","embeddable":true,"href":"https:\/\/www.mylittlemountain.com\/fr\/wp-json\/wp\/v2\/product_cat?post=2404"},{"taxonomy":"product_tag","embeddable":true,"href":"https:\/\/www.mylittlemountain.com\/fr\/wp-json\/wp\/v2\/product_tag?post=2404"}],"curies":[{"name":"wp","href":"https:\/\/api.w.org\/{rel}","templated":true}]}}