{"id":2572,"date":"2025-05-03T21:26:19","date_gmt":"2025-05-03T19:26:19","guid":{"rendered":"https:\/\/www.mylittlemountain.com\/product\/jungfrau-3\/"},"modified":"2025-05-03T21:27:06","modified_gmt":"2025-05-03T19:27:06","slug":"jungfrau-3","status":"publish","type":"product","link":"https:\/\/www.mylittlemountain.com\/fr\/produit\/jungfrau-3\/","title":{"rendered":"Jungfrau"},"content":{"rendered":"<p>\u25b2 4\u2019158 M \/ 13\u2019642 FT<\/p>\n<p>\u25b2 46\u00b0\u00a032\u2032\u00a012\u2033\u00a0N \u2013 7\u00b0\u00a057\u2032\u00a045\u2033\u00a0E<\/p>\n<p>Pr\u00e9sentoir photo \u00e9dition Jungfrau, moul\u00e9e en gypse de haute qualit\u00e9 de couleur blanc brillant, r\u00e9sistant aux intemp\u00e9ries et \u00e0 la lumi\u00e8re. D\u2019apr\u00e8s les donn\u00e9es GPS actuelles.<\/p>\n<p><!--more--><\/p>\n<p>Diff\u00e9rentes photos ou images peuvent \u00eatre ins\u00e9r\u00e9es dans l&#8217;encoche de 6 mm de large. Le logo de My Little Mountain est grav\u00e9 au laser \u00e0 l\u2019arri\u00e8re.<\/p>\n<p>Dimensions r\u00e9plique (L x l x h) : 10 x 10 x 11,5 cm<\/p>\n<p>Poids : 1,20 kg<\/p>\n<p>Dimensions emballage (L x l x h) : 13,5 x 13,5 x 13,5 cm<\/p>\n<p>Nous prot\u00e9geons notre environnement et \u00e9vitons les emballages en plastique. L\u2019emballage de nos r\u00e9pliques de montagnes est en carton naturel, dont la solidit\u00e9 garantit un transport en toute s\u00e9curit\u00e9.<\/p>\n","protected":false},"excerpt":{"rendered":"<p>\u25b2 4\u2019158 M \/ 13\u2019642 FT \u25b2 46\u00b0\u00a032\u2032\u00a012\u2033\u00a0N \u2013 7\u00b0\u00a057\u2032\u00a045\u2033\u00a0E Pr\u00e9sentoir photo \u00e9dition Jungfrau, moul\u00e9e en gypse de haute qualit\u00e9 de couleur blanc brillant, r\u00e9sistant aux intemp\u00e9ries et \u00e0 la lumi\u00e8re. D\u2019apr\u00e8s les donn\u00e9es GPS actuelles&#8230;.<\/p>\n<p><a class=\"button-black button alt\" href=\"https:\/\/www.mylittlemountain.com\/fr\/produit\/jungfrau-3\/\">Article ouvert<span class=\"fa fa-plus\"><\/span><\/a><\/p>\n","protected":false},"featured_media":2561,"comment_status":"closed","ping_status":"closed","template":"","meta":[],"product_cat":[203],"product_tag":[205],"acf":[],"_links":{"self":[{"href":"https:\/\/www.mylittlemountain.com\/fr\/wp-json\/wp\/v2\/product\/2572"}],"collection":[{"href":"https:\/\/www.mylittlemountain.com\/fr\/wp-json\/wp\/v2\/product"}],"about":[{"href":"https:\/\/www.mylittlemountain.com\/fr\/wp-json\/wp\/v2\/types\/product"}],"replies":[{"embeddable":true,"href":"https:\/\/www.mylittlemountain.com\/fr\/wp-json\/wp\/v2\/comments?post=2572"}],"wp:featuredmedia":[{"embeddable":true,"href":"https:\/\/www.mylittlemountain.com\/fr\/wp-json\/wp\/v2\/media\/2561"}],"wp:attachment":[{"href":"https:\/\/www.mylittlemountain.com\/fr\/wp-json\/wp\/v2\/media?parent=2572"}],"wp:term":[{"taxonomy":"product_cat","embeddable":true,"href":"https:\/\/www.mylittlemountain.com\/fr\/wp-json\/wp\/v2\/product_cat?post=2572"},{"taxonomy":"product_tag","embeddable":true,"href":"https:\/\/www.mylittlemountain.com\/fr\/wp-json\/wp\/v2\/product_tag?post=2572"}],"curies":[{"name":"wp","href":"https:\/\/api.w.org\/{rel}","templated":true}]}}