{"id":2630,"date":"2025-05-03T21:36:57","date_gmt":"2025-05-03T19:36:57","guid":{"rendered":"https:\/\/www.mylittlemountain.com\/product\/eiger-5\/"},"modified":"2025-05-03T21:37:19","modified_gmt":"2025-05-03T19:37:19","slug":"eiger-5","status":"publish","type":"product","link":"https:\/\/www.mylittlemountain.com\/fr\/produit\/eiger-5\/","title":{"rendered":"Eiger"},"content":{"rendered":"<p>\u25b2 4\u2019478 M \/ 14\u2019690 FT<\/p>\n<p>\u25b2 45\u00b0\u00a058\u2032\u00a035\u2033\u00a0N \u2013 07\u00b0\u00a039\u2032\u00a031\u2033\u00a0E<\/p>\n<p>Porte-cartes de menu \u00e9dition Eiger, moul\u00e9e en gypse de haute qualit\u00e9 de couleur blanc brillant, r\u00e9sistant aux intemp\u00e9ries et \u00e0 la lumi\u00e8re. D\u2019apr\u00e8s les donn\u00e9es GPS actuelles.<\/p>\n<p><!--more--><\/p>\n<p>Diff\u00e9rentes cartes de menu ou cartes de r\u00e9servation peuvent \u00eatre ins\u00e9r\u00e9es dans l&#8217;encoche de 6 mm de large. Le logo de My Little Mountain est grav\u00e9 au laser \u00e0 l\u2019arri\u00e8re.<\/p>\n<p>A partir de 50 pi\u00e8ces, il est possible de tenir compte de vos souhaits individuels sur la face avant, comme une gravure de logo ou de code QR. N&#8217;h\u00e9sitez pas \u00e0 nous contacter pour une offre.<\/p>\n<p>Dimensions r\u00e9plique (L x l x h) : 10 x 10 x 11 cm<\/p>\n<p>Poids : 1,15 kg<\/p>\n<p>Dimensions emballage (L x l x h) : 13,5 x 13,5 x 13,5 cm<\/p>\n<p>Nous prot\u00e9geons notre environnement et \u00e9vitons les emballages en plastique. L\u2019emballage de nos r\u00e9pliques de montagnes est en carton naturel, dont la solidit\u00e9 garantit un transport en toute s\u00e9curit\u00e9.<\/p>\n","protected":false},"excerpt":{"rendered":"<p>\u25b2 4\u2019478 M \/ 14\u2019690 FT \u25b2 45\u00b0\u00a058\u2032\u00a035\u2033\u00a0N \u2013 07\u00b0\u00a039\u2032\u00a031\u2033\u00a0E Porte-cartes de menu \u00e9dition Eiger, moul\u00e9e en gypse de haute qualit\u00e9 de couleur blanc brillant, r\u00e9sistant aux intemp\u00e9ries et \u00e0 la lumi\u00e8re. D\u2019apr\u00e8s les donn\u00e9es GPS actuelles&#8230;.<\/p>\n<p><a class=\"button-black button alt\" href=\"https:\/\/www.mylittlemountain.com\/fr\/produit\/eiger-5\/\">Article ouvert<span class=\"fa fa-plus\"><\/span><\/a><\/p>\n","protected":false},"featured_media":2619,"comment_status":"closed","ping_status":"closed","template":"","meta":[],"product_cat":[209],"product_tag":[212],"acf":[],"_links":{"self":[{"href":"https:\/\/www.mylittlemountain.com\/fr\/wp-json\/wp\/v2\/product\/2630"}],"collection":[{"href":"https:\/\/www.mylittlemountain.com\/fr\/wp-json\/wp\/v2\/product"}],"about":[{"href":"https:\/\/www.mylittlemountain.com\/fr\/wp-json\/wp\/v2\/types\/product"}],"replies":[{"embeddable":true,"href":"https:\/\/www.mylittlemountain.com\/fr\/wp-json\/wp\/v2\/comments?post=2630"}],"wp:featuredmedia":[{"embeddable":true,"href":"https:\/\/www.mylittlemountain.com\/fr\/wp-json\/wp\/v2\/media\/2619"}],"wp:attachment":[{"href":"https:\/\/www.mylittlemountain.com\/fr\/wp-json\/wp\/v2\/media?parent=2630"}],"wp:term":[{"taxonomy":"product_cat","embeddable":true,"href":"https:\/\/www.mylittlemountain.com\/fr\/wp-json\/wp\/v2\/product_cat?post=2630"},{"taxonomy":"product_tag","embeddable":true,"href":"https:\/\/www.mylittlemountain.com\/fr\/wp-json\/wp\/v2\/product_tag?post=2630"}],"curies":[{"name":"wp","href":"https:\/\/api.w.org\/{rel}","templated":true}]}}