{"id":2664,"date":"2025-09-25T15:43:35","date_gmt":"2025-09-25T13:46:46","guid":{"rendered":"https:\/\/www.mylittlemountain.com\/?post_type=product&#038;p=2664"},"modified":"2026-01-23T13:51:16","modified_gmt":"2026-01-23T12:51:16","slug":"matterhorn-8","status":"publish","type":"product","link":"https:\/\/www.mylittlemountain.com\/fr\/produit\/matterhorn-8\/","title":{"rendered":"Matterhorn"},"content":{"rendered":"<p><strong>Matterhorn <\/strong><\/p>\n<p>\u25b2 4\u2019478 M \/ 14\u2019690 FT<\/p>\n<p>\u25b2 45\u00b0\u00a058\u2032\u00a035\u2033\u00a0N \u2013 7\u00b0\u00a039\u2032\u00a031\u2033\u00a0E<\/p>\n<p>R\u00e9plique de montagne \u00e9dition Matterhorn, en verre suisse, coulage d\u2019apr\u00e9s les donn\u00e9es GPS actuelles. Fabriqu\u00e9 \u00e0 la verrerie Glasi Hergiswil.<\/p>\n<p><!--more--><\/p>\n<p>Les patins antid\u00e9rapants en caoutchouc fournis peuvent \u00eatre fix\u00e9s en option et emp\u00eachent le mod\u00e8le de montagne de glisser. Le logo de Glasi Hergiswil est grav\u00e9 au laser au dos.<\/p>\n<p>Dimensions r\u00e9plique (L x l x h) : 10 x 10 x 9 cm<\/p>\n<p>Poids : 870 gr<\/p>\n<p>Dimensions emballage (L x l x h) : 13,5 x 13,5 x 13,5 cm<\/p>\n<p>Nous prot\u00e9geons notre environnement et \u00e9vitons les emballages en plastique. L\u2019emballage de nos r\u00e9pliques de montagnes est en carton naturel, dont la solidit\u00e9 garantit un transport en toute s\u00e9curit\u00e9.<\/p>\n","protected":false},"excerpt":{"rendered":"<p>Matterhorn \u25b2 4\u2019478 M \/ 14\u2019690 FT \u25b2 45\u00b0\u00a058\u2032\u00a035\u2033\u00a0N \u2013 7\u00b0\u00a039\u2032\u00a031\u2033\u00a0E R\u00e9plique de montagne \u00e9dition Matterhorn, en verre suisse, coulage d\u2019apr\u00e9s les donn\u00e9es GPS actuelles. Fabriqu\u00e9 \u00e0 la verrerie Glasi Hergiswil&#8230;.<\/p>\n<p><a class=\"button-black button alt\" href=\"https:\/\/www.mylittlemountain.com\/fr\/produit\/matterhorn-8\/\">Article ouvert<span class=\"fa fa-plus\"><\/span><\/a><\/p>\n","protected":false},"featured_media":2677,"comment_status":"closed","ping_status":"closed","template":"","meta":[],"product_cat":[225],"product_tag":[228],"acf":[],"_links":{"self":[{"href":"https:\/\/www.mylittlemountain.com\/fr\/wp-json\/wp\/v2\/product\/2664"}],"collection":[{"href":"https:\/\/www.mylittlemountain.com\/fr\/wp-json\/wp\/v2\/product"}],"about":[{"href":"https:\/\/www.mylittlemountain.com\/fr\/wp-json\/wp\/v2\/types\/product"}],"replies":[{"embeddable":true,"href":"https:\/\/www.mylittlemountain.com\/fr\/wp-json\/wp\/v2\/comments?post=2664"}],"wp:featuredmedia":[{"embeddable":true,"href":"https:\/\/www.mylittlemountain.com\/fr\/wp-json\/wp\/v2\/media\/2677"}],"wp:attachment":[{"href":"https:\/\/www.mylittlemountain.com\/fr\/wp-json\/wp\/v2\/media?parent=2664"}],"wp:term":[{"taxonomy":"product_cat","embeddable":true,"href":"https:\/\/www.mylittlemountain.com\/fr\/wp-json\/wp\/v2\/product_cat?post=2664"},{"taxonomy":"product_tag","embeddable":true,"href":"https:\/\/www.mylittlemountain.com\/fr\/wp-json\/wp\/v2\/product_tag?post=2664"}],"curies":[{"name":"wp","href":"https:\/\/api.w.org\/{rel}","templated":true}]}}