{"id":2667,"date":"2025-09-25T15:48:12","date_gmt":"2025-09-25T13:52:29","guid":{"rendered":"https:\/\/www.mylittlemountain.com\/?post_type=product&#038;p=2667"},"modified":"2025-09-25T15:52:29","modified_gmt":"2025-09-25T13:52:29","slug":"pilatus-4","status":"publish","type":"product","link":"https:\/\/www.mylittlemountain.com\/fr\/produit\/pilatus-4\/","title":{"rendered":"Pilatus"},"content":{"rendered":"<p><strong>Pilatus<\/strong><\/p>\n<p>\u25b2 2\u2019132 M \/ 6\u2019995 FT<\/p>\n<p>\u25b2 46\u00b0 58\u2032 45\u2033 N \u2013 8\u00b0 15\u2032 23\u2033\u00a0O<\/p>\n<p>R\u00e9plique de montagne \u00e9dition Pilatus, en verre suisse, coulage d\u2019apr\u00e9s les donn\u00e9es GPS actuelles. Fabriqu\u00e9 \u00e0 la verrerie Glasi Hergiswil.<\/p>\n<p><!--more--><\/p>\n<p>Les patins antid\u00e9rapants en caoutchouc fournis peuvent \u00eatre fix\u00e9s en option et emp\u00eachent le mod\u00e8le de montagne de glisser. Le logo de Glasi Hergiswil est grav\u00e9 au laser au dos.<\/p>\n<p>Dimensions r\u00e9plique (L x l x h) : 10 x 10 x 7 cm<\/p>\n<p>Poids : 980 gr<\/p>\n<p>Dimensions emballage (L x l x h) : 13,5 x 13,5 x 13,5 cm<\/p>\n<p>Nous prot\u00e9geons notre environnement et \u00e9vitons les emballages en plastique. L\u2019emballage de nos r\u00e9pliques de montagnes est en carton naturel, dont la solidit\u00e9 garantit un transport en toute s\u00e9curit\u00e9.<\/p>\n","protected":false},"excerpt":{"rendered":"<p>Pilatus \u25b2 2\u2019132 M \/ 6\u2019995 FT \u25b2 46\u00b0 58\u2032 45\u2033 N \u2013 8\u00b0 15\u2032 23\u2033\u00a0O R\u00e9plique de montagne \u00e9dition Pilatus, en verre suisse, coulage d\u2019apr\u00e9s les donn\u00e9es GPS actuelles. Fabriqu\u00e9 \u00e0 la verrerie Glasi Hergiswil&#8230;.<\/p>\n<p><a class=\"button-black button alt\" href=\"https:\/\/www.mylittlemountain.com\/fr\/produit\/pilatus-4\/\">Article ouvert<span class=\"fa fa-plus\"><\/span><\/a><\/p>\n","protected":false},"featured_media":2689,"comment_status":"closed","ping_status":"closed","template":"","meta":[],"product_cat":[225],"product_tag":[228],"acf":[],"_links":{"self":[{"href":"https:\/\/www.mylittlemountain.com\/fr\/wp-json\/wp\/v2\/product\/2667"}],"collection":[{"href":"https:\/\/www.mylittlemountain.com\/fr\/wp-json\/wp\/v2\/product"}],"about":[{"href":"https:\/\/www.mylittlemountain.com\/fr\/wp-json\/wp\/v2\/types\/product"}],"replies":[{"embeddable":true,"href":"https:\/\/www.mylittlemountain.com\/fr\/wp-json\/wp\/v2\/comments?post=2667"}],"wp:featuredmedia":[{"embeddable":true,"href":"https:\/\/www.mylittlemountain.com\/fr\/wp-json\/wp\/v2\/media\/2689"}],"wp:attachment":[{"href":"https:\/\/www.mylittlemountain.com\/fr\/wp-json\/wp\/v2\/media?parent=2667"}],"wp:term":[{"taxonomy":"product_cat","embeddable":true,"href":"https:\/\/www.mylittlemountain.com\/fr\/wp-json\/wp\/v2\/product_cat?post=2667"},{"taxonomy":"product_tag","embeddable":true,"href":"https:\/\/www.mylittlemountain.com\/fr\/wp-json\/wp\/v2\/product_tag?post=2667"}],"curies":[{"name":"wp","href":"https:\/\/api.w.org\/{rel}","templated":true}]}}